{"id":235,"date":"2025-01-18T09:43:49","date_gmt":"2025-01-18T08:43:49","guid":{"rendered":"https:\/\/www.mondioring.cz\/?page_id=235"},"modified":"2025-01-21T14:19:23","modified_gmt":"2025-01-21T13:19:23","slug":"pravidla","status":"publish","type":"page","link":"https:\/\/www.mondioring.cz\/?page_id=235","title":{"rendered":"Pravidla"},"content":{"rendered":"\n<p>Aktu\u00e1ln\u00ed pravidla mondioringu najdete na str\u00e1nk\u00e1ch <a href=\"http:\/\/www.mondioringklub.cz\">Mondioring klubu \u010cR<\/a>.<\/p>\n\n\n\n<p>U\u017e jste je \u010detli? Taky jste z nich nebyli moc moud\u0159\u00ed? Jsou takov\u00e1 voln\u011bj\u0161\u00ed, umo\u017e\u0148uj\u00ed r\u016fzn\u00e9 v\u00fdklady, proto\u017ee takov\u00fd je mondioring, mali\u010dko punk. Nic pro punti\u010dk\u00e1\u0159e. \u010ctu si je pravideln\u011b a poka\u017ed\u00e9 tam objev\u00edm n\u011bco zaj\u00edmav\u00e9ho. Nezoufejte, pokud u mondioringu vydr\u017e\u00edte dostate\u010dn\u011b dlouho, ur\u010dit\u011b jim nakonec p\u0159ijdete na chu\u0165!<\/p>\n\n\n\n<p>A proto\u017ee jde o dokument vskutku pozoruhodn\u00fd, mali\u010dko si ho rozebereme. Vy\u010dkejte na pokra\u010dov\u00e1n\u00ed, pracujeme na tom \ud83d\ude09<\/p>\n","protected":false},"excerpt":{"rendered":"<p>Aktu\u00e1ln\u00ed pravidla mondioringu najdete na str\u00e1nk\u00e1ch Mondioring klubu \u010cR. U\u017e jste je \u010detli? Taky jste z nich nebyli moc moud\u0159\u00ed? [&hellip;]<\/p>\n","protected":false},"author":1,"featured_media":0,"parent":0,"menu_order":0,"comment_status":"closed","ping_status":"closed","template":"","meta":{"site-sidebar-layout":"default","site-content-layout":"","ast-site-content-layout":"","site-content-style":"default","site-sidebar-style":"default","ast-global-header-display":"","ast-banner-title-visibility":"","ast-main-header-display":"","ast-hfb-above-header-display":"","ast-hfb-below-header-display":"","ast-hfb-mobile-header-display":"","site-post-title":"","ast-breadcrumbs-content":"","ast-featured-img":"","footer-sml-layout":"","theme-transparent-header-meta":"","adv-header-id-meta":"","stick-header-meta":"","header-above-stick-meta":"","header-main-stick-meta":"","header-below-stick-meta":"","astra-migrate-meta-layouts":"default","ast-page-background-enabled":"default","ast-page-background-meta":{"desktop":{"background-color":"var(--ast-global-color-4)","background-image":"","background-repeat":"repeat","background-position":"center center","background-size":"auto","background-attachment":"scroll","background-type":"","background-media":"","overlay-type":"","overlay-color":"","overlay-opacity":"","overlay-gradient":""},"tablet":{"background-color":"","background-image":"","background-repeat":"repeat","background-position":"center center","background-size":"auto","background-attachment":"scroll","background-type":"","background-media":"","overlay-type":"","overlay-color":"","overlay-opacity":"","overlay-gradient":""},"mobile":{"background-color":"","background-image":"","background-repeat":"repeat","background-position":"center center","background-size":"auto","background-attachment":"scroll","background-type":"","background-media":"","overlay-type":"","overlay-color":"","overlay-opacity":"","overlay-gradient":""}},"ast-content-background-meta":{"desktop":{"background-color":"var(--ast-global-color-5)","background-image":"","background-repeat":"repeat","background-position":"center center","background-size":"auto","background-attachment":"scroll","background-type":"","background-media":"","overlay-type":"","overlay-color":"","overlay-opacity":"","overlay-gradient":""},"tablet":{"background-color":"var(--ast-global-color-5)","background-image":"","background-repeat":"repeat","background-position":"center center","background-size":"auto","background-attachment":"scroll","background-type":"","background-media":"","overlay-type":"","overlay-color":"","overlay-opacity":"","overlay-gradient":""},"mobile":{"background-color":"var(--ast-global-color-5)","background-image":"","background-repeat":"repeat","background-position":"center center","background-size":"auto","background-attachment":"scroll","background-type":"","background-media":"","overlay-type":"","overlay-color":"","overlay-opacity":"","overlay-gradient":""}},"footnotes":""},"class_list":["post-235","page","type-page","status-publish","hentry"],"_links":{"self":[{"href":"https:\/\/www.mondioring.cz\/index.php?rest_route=\/wp\/v2\/pages\/235","targetHints":{"allow":["GET"]}}],"collection":[{"href":"https:\/\/www.mondioring.cz\/index.php?rest_route=\/wp\/v2\/pages"}],"about":[{"href":"https:\/\/www.mondioring.cz\/index.php?rest_route=\/wp\/v2\/types\/page"}],"author":[{"embeddable":true,"href":"https:\/\/www.mondioring.cz\/index.php?rest_route=\/wp\/v2\/users\/1"}],"replies":[{"embeddable":true,"href":"https:\/\/www.mondioring.cz\/index.php?rest_route=%2Fwp%2Fv2%2Fcomments&post=235"}],"version-history":[{"count":8,"href":"https:\/\/www.mondioring.cz\/index.php?rest_route=\/wp\/v2\/pages\/235\/revisions"}],"predecessor-version":[{"id":284,"href":"https:\/\/www.mondioring.cz\/index.php?rest_route=\/wp\/v2\/pages\/235\/revisions\/284"}],"wp:attachment":[{"href":"https:\/\/www.mondioring.cz\/index.php?rest_route=%2Fwp%2Fv2%2Fmedia&parent=235"}],"curies":[{"name":"wp","href":"https:\/\/api.w.org\/{rel}","templated":true}]}}