{"id":517,"date":"2025-05-19T13:03:19","date_gmt":"2025-05-19T11:03:19","guid":{"rendered":"https:\/\/www.mondioring.cz\/?page_id=517"},"modified":"2026-02-25T11:27:47","modified_gmt":"2026-02-25T10:27:47","slug":"kdo-jsem","status":"publish","type":"page","link":"https:\/\/www.mondioring.cz\/?page_id=517","title":{"rendered":"Kdo jsem"},"content":{"rendered":"\n<div class=\"wp-block-media-text is-stacked-on-mobile\" style=\"grid-template-columns:17% auto\"><figure class=\"wp-block-media-text__media\"><img loading=\"lazy\" decoding=\"async\" width=\"908\" height=\"997\" src=\"https:\/\/www.mondioring.cz\/wp-content\/uploads\/2025\/05\/Jak-Cody-PNG.png\" alt=\"\" class=\"wp-image-481 size-full\" srcset=\"https:\/\/www.mondioring.cz\/wp-content\/uploads\/2025\/05\/Jak-Cody-PNG.png 908w, https:\/\/www.mondioring.cz\/wp-content\/uploads\/2025\/05\/Jak-Cody-PNG-273x300.png 273w, https:\/\/www.mondioring.cz\/wp-content\/uploads\/2025\/05\/Jak-Cody-PNG-768x843.png 768w\" sizes=\"auto, (max-width: 908px) 100vw, 908px\" \/><\/figure><div class=\"wp-block-media-text__content\">\n<h3 class=\"wp-block-heading\">Jana Kul\u00edskov\u00e1<\/h3>\n\n\n\n<p>Do pejska\u0159iny jsem se vrhla v roce 1997, kdy jsem si po\u0159\u00eddila sv\u00e9ho prvn\u00edho psa, boxera. Slo\u017eila jsem s n\u00edm zkou\u0161ku ZM, ale kv\u016fli jeho slab\u00e9mu srd\u00ed\u010dku to byla na\u0161e jedin\u00e1 zkou\u0161ka. V\u017edycky jsem cht\u011bla d\u011blat i obrany, tak\u017ee volba dal\u0161\u00edho plemene byla jasn\u00e1 \u2013 belgick\u00fd ov\u010d\u00e1k malinois. A sportem m\u00e9ho srdce se stal mondioring:<\/p>\n\n\n\n<p>V roce 2024 jsem byla 5. na mistrovstv\u00ed sv\u011bta. Byl to m\u016fj prvn\u00ed start na MS FCI. Krom\u011b toho m\u00e1m titul Mistra \u010cR a dva tituly Mistra \u010cR belgick\u00fdch ov\u010d\u00e1k\u016f, to v\u0161e se dv\u011bma r\u016fzn\u00fdmi psy.<\/p>\n<\/div><\/div>\n\n\n\n<div style=\"height:49px\" aria-hidden=\"true\" class=\"wp-block-spacer\"><\/div>\n\n\n\n<h4 class=\"wp-block-heading\">Stru\u010dn\u011b p\u00e1r v\u00fdsledk\u016f s m\u00fdmi belgi\u010d\u00e1ky<\/h4>\n\n\n\n<p><strong>Vamp de Alphaville Bohemia<\/strong> (6. 12. 2005 \u2013 16. 2. 2018)<\/p>\n\n\n\n<p>2007 M\u016fj prvn\u00ed start v&nbsp;mondioringu (kat 1): 27,5 b. z&nbsp;200 \ud83d\ude0a<\/p>\n\n\n\n<p>2012 IPO 3 (95, 80, 76)<\/p>\n\n\n\n<p><\/p>\n\n\n\n<p><em>A d\u00e1l u\u017e jsem se soust\u0159edila pouze na mondioring<\/em>:<\/p>\n\n\n\n<p><strong>Attila de Alphaville Bohemia<\/strong> (nar. 11. 10. 2011)<\/p>\n\n\n\n<p>2015 Mistr \u010cR belgick\u00fdch ov\u010d\u00e1k\u016f (tenkr\u00e1t za start v&nbsp;kat 2, v&nbsp;kat 3 nebyl spln\u011bn limit zkou\u0161ky)<\/p>\n\n\n\n<p>2017 Vicemistr \u010cR belgick\u00fdch ov\u010d\u00e1k\u016f, kat 3<\/p>\n\n\n\n<p>2018 Mistr \u010cR belgick\u00fdch ov\u010d\u00e1k\u016f, kat 3 (356 b. a celkov\u00e9 v\u00edt\u011bzstv\u00ed v mezin\u00e1rodn\u00ed konkurenci)<\/p>\n\n\n\n<p><\/p>\n\n\n\n<p><strong>Cody od Moslavine<\/strong> (nar. 1. 4. 2020)<\/p>\n\n\n\n<p>2023 1. m\u00edsto Mistrovstv\u00ed \u010cR belgick\u00fdch ov\u010d\u00e1k\u016f v kategorii 2 (285,5 b. z 300 a celkov\u00e9 v\u00edt\u011bzstv\u00ed v mezin\u00e1rodn\u00ed konkurenci)<\/p>\n\n\n\n<p>2024 FMBB, It\u00e1lie, 298 b., 32. m\u00edsto (z 48), kat 3<\/p>\n\n\n\n<p>2024 1. m\u00edsto kat 3, 371,5 b., Poh\u00e1r n\u00e1rod\u016f, Babice<\/p>\n\n\n\n<p><strong><mark style=\"background-color:rgba(0, 0, 0, 0)\" class=\"has-inline-color has-ast-global-color-1-color\">2024 Mistrovstv\u00ed sv\u011bta v&nbsp;mondioringu, 5. m\u00edsto<\/mark><\/strong>, 347 b., nejlep\u0161\u00ed dosavadn\u00ed \u010desk\u00fd v\u00fdsledek na MS FCI<\/p>\n\n\n\n<p>2025 <strong>Mistr \u010cR v mondioringu<\/strong><\/p>\n\n\n\n<p>2025 Vicemistr \u010cR belgick\u00fdch ov\u010d\u00e1k\u016f<\/p>\n\n\n\n<p><\/p>\n\n\n\n<p><strong>Macy od Moslavine<\/strong> (nar. 17. 3. 2023)<\/p>\n\n\n\n<p>2024 1. m\u00edsto Mistrovstv\u00ed \u010cR belgick\u00fdch ov\u010d\u00e1k\u016f v&nbsp;kategorii 1, 189 b. (z 200)<\/p>\n\n\n\n<p>2025 Z\u00e1vody \u201eShow in hell\u201c v&nbsp;Kloko\u010dov\u011b, prvn\u00ed start v&nbsp;kategorii 2, 2. m\u00edsto s&nbsp;276 b. (z 300)<\/p>\n\n\n\n<p>2025 <strong>1. m\u00edsto Mistrovstv\u00ed \u010cR \/ Rakouska v kategorii 2<\/strong><\/p>\n\n\n\n<p>Macy je chovn\u00e1 fena, jej\u00ed prvn\u00ed vrh se narodil 19. 2. 2026 &#8211;<strong> <\/strong>v\u00edce info <a href=\"https:\/\/www.mondioring.cz\/?p=635\">zde<\/a>, <strong>p\u0159ij\u00edm\u00e1me rezervace na \u0161t\u011b\u0148ata<\/strong>.<\/p>\n\n\n\n<p><\/p>\n","protected":false},"excerpt":{"rendered":"<p>Jana Kul\u00edskov\u00e1 Do pejska\u0159iny jsem se vrhla v roce 1997, kdy jsem si po\u0159\u00eddila sv\u00e9ho prvn\u00edho psa, boxera. Slo\u017eila jsem [&hellip;]<\/p>\n","protected":false},"author":1,"featured_media":0,"parent":0,"menu_order":0,"comment_status":"closed","ping_status":"closed","template":"","meta":{"site-sidebar-layout":"default","site-content-layout":"","ast-site-content-layout":"","site-content-style":"default","site-sidebar-style":"default","ast-global-header-display":"","ast-banner-title-visibility":"","ast-main-header-display":"","ast-hfb-above-header-display":"","ast-hfb-below-header-display":"","ast-hfb-mobile-header-display":"","site-post-title":"","ast-breadcrumbs-content":"","ast-featured-img":"","footer-sml-layout":"","theme-transparent-header-meta":"","adv-header-id-meta":"","stick-header-meta":"","header-above-stick-meta":"","header-main-stick-meta":"","header-below-stick-meta":"","astra-migrate-meta-layouts":"default","ast-page-background-enabled":"default","ast-page-background-meta":{"desktop":{"background-color":"var(--ast-global-color-4)","background-image":"","background-repeat":"repeat","background-position":"center center","background-size":"auto","background-attachment":"scroll","background-type":"","background-media":"","overlay-type":"","overlay-color":"","overlay-opacity":"","overlay-gradient":""},"tablet":{"background-color":"","background-image":"","background-repeat":"repeat","background-position":"center center","background-size":"auto","background-attachment":"scroll","background-type":"","background-media":"","overlay-type":"","overlay-color":"","overlay-opacity":"","overlay-gradient":""},"mobile":{"background-color":"","background-image":"","background-repeat":"repeat","background-position":"center center","background-size":"auto","background-attachment":"scroll","background-type":"","background-media":"","overlay-type":"","overlay-color":"","overlay-opacity":"","overlay-gradient":""}},"ast-content-background-meta":{"desktop":{"background-color":"var(--ast-global-color-5)","background-image":"","background-repeat":"repeat","background-position":"center center","background-size":"auto","background-attachment":"scroll","background-type":"","background-media":"","overlay-type":"","overlay-color":"","overlay-opacity":"","overlay-gradient":""},"tablet":{"background-color":"var(--ast-global-color-5)","background-image":"","background-repeat":"repeat","background-position":"center center","background-size":"auto","background-attachment":"scroll","background-type":"","background-media":"","overlay-type":"","overlay-color":"","overlay-opacity":"","overlay-gradient":""},"mobile":{"background-color":"var(--ast-global-color-5)","background-image":"","background-repeat":"repeat","background-position":"center center","background-size":"auto","background-attachment":"scroll","background-type":"","background-media":"","overlay-type":"","overlay-color":"","overlay-opacity":"","overlay-gradient":""}},"footnotes":""},"class_list":["post-517","page","type-page","status-publish","hentry"],"_links":{"self":[{"href":"https:\/\/www.mondioring.cz\/index.php?rest_route=\/wp\/v2\/pages\/517","targetHints":{"allow":["GET"]}}],"collection":[{"href":"https:\/\/www.mondioring.cz\/index.php?rest_route=\/wp\/v2\/pages"}],"about":[{"href":"https:\/\/www.mondioring.cz\/index.php?rest_route=\/wp\/v2\/types\/page"}],"author":[{"embeddable":true,"href":"https:\/\/www.mondioring.cz\/index.php?rest_route=\/wp\/v2\/users\/1"}],"replies":[{"embeddable":true,"href":"https:\/\/www.mondioring.cz\/index.php?rest_route=%2Fwp%2Fv2%2Fcomments&post=517"}],"version-history":[{"count":39,"href":"https:\/\/www.mondioring.cz\/index.php?rest_route=\/wp\/v2\/pages\/517\/revisions"}],"predecessor-version":[{"id":722,"href":"https:\/\/www.mondioring.cz\/index.php?rest_route=\/wp\/v2\/pages\/517\/revisions\/722"}],"wp:attachment":[{"href":"https:\/\/www.mondioring.cz\/index.php?rest_route=%2Fwp%2Fv2%2Fmedia&parent=517"}],"curies":[{"name":"wp","href":"https:\/\/api.w.org\/{rel}","templated":true}]}}