{"id":70,"date":"2025-01-03T14:30:46","date_gmt":"2025-01-03T13:30:46","guid":{"rendered":"https:\/\/www.mondioring.cz\/?page_id=70"},"modified":"2025-06-07T14:42:40","modified_gmt":"2025-06-07T12:42:40","slug":"kontakt","status":"publish","type":"page","link":"https:\/\/www.mondioring.cz\/?page_id=70","title":{"rendered":"Kontakt"},"content":{"rendered":"\n<div class=\"wp-block-media-text is-stacked-on-mobile\" style=\"grid-template-columns:20% auto\"><figure class=\"wp-block-media-text__media\"><img loading=\"lazy\" decoding=\"async\" width=\"545\" height=\"409\" src=\"https:\/\/www.mondioring.cz\/wp-content\/uploads\/2025\/06\/Macy-na-web-409.jpg\" alt=\"\" class=\"wp-image-560 size-full\" srcset=\"https:\/\/www.mondioring.cz\/wp-content\/uploads\/2025\/06\/Macy-na-web-409.jpg 545w, https:\/\/www.mondioring.cz\/wp-content\/uploads\/2025\/06\/Macy-na-web-409-300x225.jpg 300w\" sizes=\"auto, (max-width: 545px) 100vw, 545px\" \/><\/figure><div class=\"wp-block-media-text__content\">\n<p>Jana Kul\u00edskov\u00e1<\/p>\n\n\n\n<p>jana@mlynbylany.cz<\/p>\n\n\n\n<p>603 463 dev\u011bt nula \u0161est<\/p>\n\n\n\n<p>Najdete n\u00e1s v are\u00e1lu <a href=\"http:\/\/www.mlynbylany.cz\">Ml\u00fdnu Bylany<\/a> u \u010cesk\u00e9ho Brodu. Na webu Ml\u00fdnu Bylany je tak\u00e9 m\u00e9 pejska\u0159sk\u00e9 <a href=\"https:\/\/www.mlynbylany.cz\/vycvik-psu\/\">CV<\/a>.<\/p>\n<\/div><\/div>\n\n\n\n<p><\/p>\n","protected":false},"excerpt":{"rendered":"<p>Jana Kul\u00edskov\u00e1 jana@mlynbylany.cz 603 463 dev\u011bt nula \u0161est Najdete n\u00e1s v are\u00e1lu Ml\u00fdnu Bylany u \u010cesk\u00e9ho Brodu. Na webu Ml\u00fdnu [&hellip;]<\/p>\n","protected":false},"author":1,"featured_media":0,"parent":0,"menu_order":0,"comment_status":"closed","ping_status":"closed","template":"","meta":{"site-sidebar-layout":"default","site-content-layout":"","ast-site-content-layout":"","site-content-style":"default","site-sidebar-style":"default","ast-global-header-display":"","ast-banner-title-visibility":"","ast-main-header-display":"","ast-hfb-above-header-display":"","ast-hfb-below-header-display":"","ast-hfb-mobile-header-display":"","site-post-title":"","ast-breadcrumbs-content":"","ast-featured-img":"","footer-sml-layout":"","theme-transparent-header-meta":"","adv-header-id-meta":"","stick-header-meta":"","header-above-stick-meta":"","header-main-stick-meta":"","header-below-stick-meta":"","astra-migrate-meta-layouts":"default","ast-page-background-enabled":"default","ast-page-background-meta":{"desktop":{"background-color":"var(--ast-global-color-4)","background-image":"","background-repeat":"repeat","background-position":"center center","background-size":"auto","background-attachment":"scroll","background-type":"","background-media":"","overlay-type":"","overlay-color":"","overlay-opacity":"","overlay-gradient":""},"tablet":{"background-color":"","background-image":"","background-repeat":"repeat","background-position":"center center","background-size":"auto","background-attachment":"scroll","background-type":"","background-media":"","overlay-type":"","overlay-color":"","overlay-opacity":"","overlay-gradient":""},"mobile":{"background-color":"","background-image":"","background-repeat":"repeat","background-position":"center center","background-size":"auto","background-attachment":"scroll","background-type":"","background-media":"","overlay-type":"","overlay-color":"","overlay-opacity":"","overlay-gradient":""}},"ast-content-background-meta":{"desktop":{"background-color":"var(--ast-global-color-5)","background-image":"","background-repeat":"repeat","background-position":"center center","background-size":"auto","background-attachment":"scroll","background-type":"","background-media":"","overlay-type":"","overlay-color":"","overlay-opacity":"","overlay-gradient":""},"tablet":{"background-color":"var(--ast-global-color-5)","background-image":"","background-repeat":"repeat","background-position":"center center","background-size":"auto","background-attachment":"scroll","background-type":"","background-media":"","overlay-type":"","overlay-color":"","overlay-opacity":"","overlay-gradient":""},"mobile":{"background-color":"var(--ast-global-color-5)","background-image":"","background-repeat":"repeat","background-position":"center center","background-size":"auto","background-attachment":"scroll","background-type":"","background-media":"","overlay-type":"","overlay-color":"","overlay-opacity":"","overlay-gradient":""}},"footnotes":""},"class_list":["post-70","page","type-page","status-publish","hentry"],"_links":{"self":[{"href":"https:\/\/www.mondioring.cz\/index.php?rest_route=\/wp\/v2\/pages\/70","targetHints":{"allow":["GET"]}}],"collection":[{"href":"https:\/\/www.mondioring.cz\/index.php?rest_route=\/wp\/v2\/pages"}],"about":[{"href":"https:\/\/www.mondioring.cz\/index.php?rest_route=\/wp\/v2\/types\/page"}],"author":[{"embeddable":true,"href":"https:\/\/www.mondioring.cz\/index.php?rest_route=\/wp\/v2\/users\/1"}],"replies":[{"embeddable":true,"href":"https:\/\/www.mondioring.cz\/index.php?rest_route=%2Fwp%2Fv2%2Fcomments&post=70"}],"version-history":[{"count":19,"href":"https:\/\/www.mondioring.cz\/index.php?rest_route=\/wp\/v2\/pages\/70\/revisions"}],"predecessor-version":[{"id":563,"href":"https:\/\/www.mondioring.cz\/index.php?rest_route=\/wp\/v2\/pages\/70\/revisions\/563"}],"wp:attachment":[{"href":"https:\/\/www.mondioring.cz\/index.php?rest_route=%2Fwp%2Fv2%2Fmedia&parent=70"}],"curies":[{"name":"wp","href":"https:\/\/api.w.org\/{rel}","templated":true}]}}